{"id":7,"date":"2022-05-05T15:47:43","date_gmt":"2022-05-05T15:47:43","guid":{"rendered":"https:\/\/startertemplatecloud.com\/g23\/?page_id=7"},"modified":"2026-03-06T20:16:28","modified_gmt":"2026-03-06T20:16:28","slug":"home","status":"publish","type":"page","link":"https:\/\/christianpure.com\/de\/","title":{"rendered":"Startseite"},"content":{"rendered":"<div class=\"wp-block-group alignfull has-background has-global-padding is-layout-constrained wp-container-core-group-is-layout-2e1ce897 wp-block-group-is-layout-constrained\" style=\"background-color:#002159;padding-top:5rem;padding-right:1.5rem;padding-bottom:4.5rem;padding-left:1.5rem\">\n<p class=\"has-text-align-center has-text-color\" style=\"color:#ff6f61;font-size:0.75rem;font-weight:600;letter-spacing:0.2em;text-transform:uppercase\">Christian Pure<\/p>\n\n\n\n<h1 class=\"wp-block-heading has-text-align-center has-text-color\" style=\"color:#ffffff;font-size:clamp(1.75rem, 4.5vw, 3rem);font-weight:700;line-height:1.2\">Gebete, Bibelstudien und Andachten<br>f\u00fcr jede Lebensphase.<\/h1>\n\n\n\n<p class=\"has-text-align-center has-text-color\" style=\"color:#8899bb;font-size:clamp(0.875rem, 0.875rem + ((1vw - 0.2rem) * 0.5), 1.15rem);line-height:1.7\">Inhalte, die nicht streiten oder verurteilen, sondern die Seele sanft zum Wunder und zur Sch\u00f6nheit des christlichen Glaubens f\u00fchren.<\/p>\n\n\n\n<div style=\"height:0.5rem\" aria-hidden=\"true\" class=\"wp-block-spacer\"><\/div>\n\n\n<form role=\"search\" method=\"get\" action=\"https:\/\/christianpure.com\/de\/\" class=\"wp-block-search__button-inside wp-block-search__text-button aligncenter wp-block-search\" data-etm-original-action=\"https:\/\/christianpure.com\/de\/\"    ><label class=\"wp-block-search__label screen-reader-text\" for=\"wp-block-search__input-1\" >Suche<\/label><div class=\"wp-block-search__inside-wrapper\" ><input class=\"wp-block-search__input\" id=\"wp-block-search__input-1\" placeholder=\"Suche nach Gebeten, Bibelversen, Leitf\u00e4den\u2026\" value=\"\" type=\"search\" name=\"s\" required \/><button aria-label=\"Suche\" class=\"wp-block-search__button wp-element-button\" type=\"submit\" >Suche<\/button><\/div><input type=\"hidden\" name=\"etm-form-language\" value=\"de\"\/><\/form>\n\n\n<div style=\"height:0.25rem\" aria-hidden=\"true\" class=\"wp-block-spacer\"><\/div>\n\n\n\n<p class=\"has-text-align-center has-text-color\" style=\"color:rgba(255,255,255,0.3);font-size:0.85rem\">\u00dcber 600 Artikel \u00b7 T\u00e4glich von Tausenden gelesen \u00b7 In der Schrift verwurzelt<\/p>\n<\/div>\n\n\n\n<div class=\"wp-block-group alignfull has-background is-layout-flow wp-container-core-group-is-layout-f4847bb0 wp-block-group-is-layout-flow\" style=\"background-color:#F08400;margin-top:0;margin-bottom:0;padding-top:1rem;padding-right:2rem;padding-bottom:1rem;padding-left:2rem\">\n<p class=\"has-text-align-center has-text-color\" style=\"color:#ffffff;font-size:clamp(0.875rem, 0.875rem + ((1vw - 0.2rem) * 0.136), 0.95rem);font-style:italic\">\u201eDein Wort ist meines Fu\u00dfes Leuchte und ein Licht auf meinem Weg.\u201c \u2014 <strong>Psalm 119,105<\/strong><\/p>\n<\/div>\n\n\n\n<div class=\"wp-block-group alignwide is-layout-flow wp-container-core-group-is-layout-c22e99c9 wp-block-group-is-layout-flow\" style=\"padding-top:4rem;padding-bottom:1rem\">\n<p class=\"has-text-align-center has-text-color\" style=\"color:#ff6f61;font-size:0.75rem;font-weight:600;letter-spacing:0.2em;text-transform:uppercase\">Nach Themen st\u00f6bern<\/p>\n\n\n\n<h2 class=\"wp-block-heading has-text-align-center has-text-color\" style=\"color:#002159;font-size:clamp(1.5rem, 3.5vw, 2.25rem);font-weight:600\">Was auch immer du suchst, hier findest du etwas f\u00fcr dich.<\/h2>\n<\/div>\n\n\n\n<div style=\"height:0.5rem\" aria-hidden=\"true\" class=\"wp-block-spacer\"><\/div>\n\n\n\n<div class=\"wp-block-group alignwide has-global-padding is-layout-constrained wp-block-group-is-layout-constrained\">\n<div class=\"wp-block-columns alignwide is-layout-flex wp-container-core-columns-is-layout-54a39367 wp-block-columns-is-layout-flex\">\n<div class=\"wp-block-column is-layout-flow wp-block-column-is-layout-flow\">\n<div class=\"wp-block-group has-border-color has-background is-layout-flow wp-container-core-group-is-layout-68e03800 wp-block-group-is-layout-flow\" style=\"border-color:#e8e4df;border-width:1px;border-radius:8px;background-color:#ffffff;padding-top:1.25rem;padding-right:1.5rem;padding-bottom:1.25rem;padding-left:1.5rem\">\n<p style=\"font-size:clamp(0.984rem, 0.984rem + ((1vw - 0.2rem) * 0.938), 1.5rem);\">\ud83d\ude4f<\/p>\n\n\n\n<h3 class=\"wp-block-heading has-text-color\" style=\"color:#002159;font-size:clamp(0.875rem, 0.875rem + ((1vw - 0.2rem) * 0.318), 1.05rem);font-weight:600\"><a href=\"https:\/\/christianpure.com\/de\/learn\/category\/prayers\/\">Gebete<\/a><\/h3>\n\n\n\n<p class=\"has-text-color\" style=\"color:#5a6377;font-size:clamp(0.875rem, 0.875rem + ((1vw - 0.2rem) * 0.009), 0.88rem);line-height:1.5\">F\u00fcr Heilung, Schutz, Ehe, Familie und jeden Moment, der nach Gottes Gegenwart verlangt.<\/p>\n<\/div>\n<\/div>\n\n\n\n<div class=\"wp-block-column is-layout-flow wp-block-column-is-layout-flow\">\n<div class=\"wp-block-group has-border-color has-background is-layout-flow wp-container-core-group-is-layout-68e03800 wp-block-group-is-layout-flow\" style=\"border-color:#e8e4df;border-width:1px;border-radius:8px;background-color:#ffffff;padding-top:1.25rem;padding-right:1.5rem;padding-bottom:1.25rem;padding-left:1.5rem\">\n<p style=\"font-size:clamp(0.984rem, 0.984rem + ((1vw - 0.2rem) * 0.938), 1.5rem);\">\ud83d\udcd6<\/p>\n\n\n\n<h3 class=\"wp-block-heading has-text-color\" style=\"color:#002159;font-size:clamp(0.875rem, 0.875rem + ((1vw - 0.2rem) * 0.318), 1.05rem);font-weight:600\"><a href=\"https:\/\/christianpure.com\/de\/learn\/category\/bible-verses\/\">Bibelverse<\/a><\/h3>\n\n\n\n<p class=\"has-text-color\" style=\"color:#5a6377;font-size:clamp(0.875rem, 0.875rem + ((1vw - 0.2rem) * 0.009), 0.88rem);line-height:1.5\">Kuratierte Bibelstellen f\u00fcr Angst, St\u00e4rke, Sch\u00f6nheit, Liebe und die Fragen, die das Leben mit sich bringt.<\/p>\n<\/div>\n<\/div>\n\n\n\n<div class=\"wp-block-column is-layout-flow wp-block-column-is-layout-flow\">\n<div class=\"wp-block-group has-border-color has-background is-layout-flow wp-container-core-group-is-layout-68e03800 wp-block-group-is-layout-flow\" style=\"border-color:#e8e4df;border-width:1px;border-radius:8px;background-color:#ffffff;padding-top:1.25rem;padding-right:1.5rem;padding-bottom:1.25rem;padding-left:1.5rem\">\n<p style=\"font-size:clamp(0.984rem, 0.984rem + ((1vw - 0.2rem) * 0.938), 1.5rem);\">\u271d\ufe0f<\/p>\n\n\n\n<h3 class=\"wp-block-heading has-text-color\" style=\"color:#002159;font-size:clamp(0.875rem, 0.875rem + ((1vw - 0.2rem) * 0.318), 1.05rem);font-weight:600\"><a href=\"https:\/\/christianpure.com\/de\/learn\/category\/bible-study\/\">Bibelstudium<\/a><\/h3>\n\n\n\n<p class=\"has-text-color\" style=\"color:#5a6377;font-size:clamp(0.875rem, 0.875rem + ((1vw - 0.2rem) * 0.009), 0.88rem);line-height:1.5\">Tiefe Einblicke in die wichtigsten Passagen \u2013 sorgf\u00e4ltig erkl\u00e4rt und in der Tradition verwurzelt.<\/p>\n<\/div>\n<\/div>\n<\/div>\n<\/div>\n\n\n\n<div class=\"wp-block-group alignwide has-global-padding is-layout-constrained wp-block-group-is-layout-constrained\">\n<div class=\"wp-block-columns alignwide is-layout-flex wp-container-core-columns-is-layout-54a39367 wp-block-columns-is-layout-flex\">\n<div class=\"wp-block-column is-layout-flow wp-block-column-is-layout-flow\">\n<div class=\"wp-block-group has-border-color has-background is-layout-flow wp-container-core-group-is-layout-68e03800 wp-block-group-is-layout-flow\" style=\"border-color:#e8e4df;border-width:1px;border-radius:8px;background-color:#ffffff;padding-top:1.25rem;padding-right:1.5rem;padding-bottom:1.25rem;padding-left:1.5rem\">\n<p style=\"font-size:clamp(0.984rem, 0.984rem + ((1vw - 0.2rem) * 0.938), 1.5rem);\">\ud83d\udc95<\/p>\n\n\n\n<h3 class=\"wp-block-heading has-text-color\" style=\"color:#002159;font-size:clamp(0.875rem, 0.875rem + ((1vw - 0.2rem) * 0.318), 1.05rem);font-weight:600\"><a href=\"https:\/\/christianpure.com\/de\/learn\/category\/love-relationships\/\">Liebe &amp; Beziehungen<\/a><\/h3>\n\n\n\n<p class=\"has-text-color\" style=\"color:#5a6377;font-size:clamp(0.875rem, 0.875rem + ((1vw - 0.2rem) * 0.009), 0.88rem);line-height:1.5\">Wegweiser f\u00fcr die Beziehungen, die uns pr\u00e4gen \u2013 von der Ehe \u00fcber die Familie bis hin zum liebevollen Umgang mit anderen.<\/p>\n<\/div>\n<\/div>\n\n\n\n<div class=\"wp-block-column is-layout-flow wp-block-column-is-layout-flow\">\n<div class=\"wp-block-group has-border-color has-background is-layout-flow wp-container-core-group-is-layout-68e03800 wp-block-group-is-layout-flow\" style=\"border-color:#e8e4df;border-width:1px;border-radius:8px;background-color:#ffffff;padding-top:1.25rem;padding-right:1.5rem;padding-bottom:1.25rem;padding-left:1.5rem\">\n<p style=\"font-size:clamp(0.984rem, 0.984rem + ((1vw - 0.2rem) * 0.938), 1.5rem);\">\ud83d\udd0d<\/p>\n\n\n\n<h3 class=\"wp-block-heading has-text-color\" style=\"color:#002159;font-size:clamp(0.875rem, 0.875rem + ((1vw - 0.2rem) * 0.318), 1.05rem);font-weight:600\"><a href=\"https:\/\/christianpure.com\/de\/learn\/category\/bible-mysteries\/\">Bibel-Geheimnisse<\/a><\/h3>\n\n\n\n<p class=\"has-text-color\" style=\"color:#5a6377;font-size:clamp(0.875rem, 0.875rem + ((1vw - 0.2rem) * 0.009), 0.88rem);line-height:1.5\">Die verborgenen Passagen, verlorenen B\u00fccher und unbeantworteten Fragen, die die Heilige Schrift so faszinierend machen.<\/p>\n<\/div>\n<\/div>\n\n\n\n<div class=\"wp-block-column is-layout-flow wp-block-column-is-layout-flow\">\n<div class=\"wp-block-group has-border-color has-background is-layout-flow wp-container-core-group-is-layout-68e03800 wp-block-group-is-layout-flow\" style=\"border-color:#e8e4df;border-width:1px;border-radius:8px;background-color:#ffffff;padding-top:1.25rem;padding-right:1.5rem;padding-bottom:1.25rem;padding-left:1.5rem\">\n<p style=\"font-size:clamp(0.984rem, 0.984rem + ((1vw - 0.2rem) * 0.938), 1.5rem);\">\ud83d\udcda<\/p>\n\n\n\n<h3 class=\"wp-block-heading has-text-color\" style=\"color:#002159;font-size:clamp(0.875rem, 0.875rem + ((1vw - 0.2rem) * 0.318), 1.05rem);font-weight:600\"><a href=\"https:\/\/christianpure.com\/de\/learn\/category\/christian-education\/\">Christliche Bildung<\/a><\/h3>\n\n\n\n<p class=\"has-text-color\" style=\"color:#5a6377;font-size:clamp(0.875rem, 0.875rem + ((1vw - 0.2rem) * 0.009), 0.88rem);line-height:1.5\">Ein tieferes Verst\u00e4ndnis von Konfessionen, Traditionen, Theologie und davon, was es bedeutet, gl\u00e4ubig zu leben.<\/p>\n<\/div>\n<\/div>\n<\/div>\n<\/div>\n\n\n\n<div class=\"wp-block-group alignfull has-background is-layout-flow wp-container-core-group-is-layout-cc745aa1 wp-block-group-is-layout-flow\" style=\"background-color:#f8f6f3;padding-top:4rem;padding-right:1.5rem;padding-bottom:4rem;padding-left:1.5rem\">\n<p class=\"has-text-align-center has-text-color\" style=\"color:#ff6f61;font-size:0.75rem;font-weight:600;letter-spacing:0.2em;text-transform:uppercase\">Meistgelesen<\/p>\n\n\n\n<h2 class=\"wp-block-heading has-text-align-center has-text-color\" style=\"color:#002159;font-size:clamp(1.5rem, 3.5vw, 2.25rem);font-weight:600\">Die Artikel, zu denen unsere Leser immer wieder zur\u00fcckkehren.<\/h2>\n\n\n\n<div style=\"height:1rem\" aria-hidden=\"true\" class=\"wp-block-spacer\"><\/div>\n\n\n\n<div class=\"wp-block-group alignwide has-global-padding is-layout-constrained wp-block-group-is-layout-constrained\">\n<div class=\"wp-block-columns alignwide is-layout-flex wp-container-core-columns-is-layout-ab2a8d94 wp-block-columns-is-layout-flex\">\n<div class=\"wp-block-column is-layout-flow wp-block-column-is-layout-flow\">\n<div class=\"wp-block-group has-border-color has-background is-layout-flow wp-container-core-group-is-layout-532946dd wp-block-group-is-layout-flow\" style=\"border-color:#e8e4df;border-width:1px;border-radius:8px;background-color:#ffffff;padding-top:1.5rem;padding-right:1.5rem;padding-bottom:1.5rem;padding-left:1.5rem\">\n<p class=\"has-text-color\" style=\"color:#F08400;font-size:0.7rem;font-weight:600;letter-spacing:0.15em;text-transform:uppercase\">Gebete<\/p>\n\n\n\n<h3 class=\"wp-block-heading has-text-color\" style=\"color:#002159;font-size:clamp(0.875rem, 0.875rem + ((1vw - 0.2rem) * 0.409), 1.1rem);font-weight:600;line-height:1.4\"><a href=\"https:\/\/christianpure.com\/de\/learn\/wifes-spirits-lifting-prayers\/\">12 wundersch\u00f6ne Gebete, um deine Frau aufzumuntern<\/a><\/h3>\n\n\n\n<p class=\"has-text-color\" style=\"color:#5a6377;font-size:clamp(0.875rem, 0.875rem + ((1vw - 0.2rem) * 0.009), 0.88rem);line-height:1.6\">Z\u00e4rtliche, in der Schrift verwurzelte Gebete f\u00fcr die Frau, die du liebst \u2013 in Zeiten der Ersch\u00f6pfung, des Zweifels und der Freude.<\/p>\n<\/div>\n<\/div>\n\n\n\n<div class=\"wp-block-column is-layout-flow wp-block-column-is-layout-flow\">\n<div class=\"wp-block-group has-border-color has-background is-layout-flow wp-container-core-group-is-layout-532946dd wp-block-group-is-layout-flow\" style=\"border-color:#e8e4df;border-width:1px;border-radius:8px;background-color:#ffffff;padding-top:1.5rem;padding-right:1.5rem;padding-bottom:1.5rem;padding-left:1.5rem\">\n<p class=\"has-text-color\" style=\"color:#F08400;font-size:0.7rem;font-weight:600;letter-spacing:0.15em;text-transform:uppercase\">Bibelstudium<\/p>\n\n\n\n<h3 class=\"wp-block-heading has-text-color\" style=\"color:#002159;font-size:clamp(0.875rem, 0.875rem + ((1vw - 0.2rem) * 0.409), 1.1rem);font-weight:600;line-height:1.4\"><a href=\"https:\/\/christianpure.com\/de\/learn\/missing-books-protestant-removal-bible\/\">7 fehlende Bibelb\u00fccher: Warum haben Protestanten sie entfernt?<\/a><\/h3>\n\n\n\n<p class=\"has-text-color\" style=\"color:#5a6377;font-size:clamp(0.875rem, 0.875rem + ((1vw - 0.2rem) * 0.009), 0.88rem);line-height:1.6\">Die unerz\u00e4hlte Geschichte der deuterokanonischen B\u00fccher \u2013 und was verloren ging, als sie beiseitegelegt wurden.<\/p>\n<\/div>\n<\/div>\n\n\n\n<div class=\"wp-block-column is-layout-flow wp-block-column-is-layout-flow\">\n<div class=\"wp-block-group has-border-color has-background is-layout-flow wp-container-core-group-is-layout-532946dd wp-block-group-is-layout-flow\" style=\"border-color:#e8e4df;border-width:1px;border-radius:8px;background-color:#ffffff;padding-top:1.5rem;padding-right:1.5rem;padding-bottom:1.5rem;padding-left:1.5rem\">\n<p class=\"has-text-color\" style=\"color:#F08400;font-size:0.7rem;font-weight:600;letter-spacing:0.15em;text-transform:uppercase\">Bibelverse<\/p>\n\n\n\n<h3 class=\"wp-block-heading has-text-color\" style=\"color:#002159;font-size:clamp(0.875rem, 0.875rem + ((1vw - 0.2rem) * 0.409), 1.1rem);font-weight:600;line-height:1.4\"><a href=\"https:\/\/christianpure.com\/de\/learn\/bible-verses-womens-beauty\/\">Die 24 besten Bibelverse \u00fcber die Sch\u00f6nheit der Frau<\/a><\/h3>\n\n\n\n<p class=\"has-text-color\" style=\"color:#5a6377;font-size:clamp(0.875rem, 0.875rem + ((1vw - 0.2rem) * 0.009), 0.88rem);line-height:1.6\">Was die Schrift wirklich \u00fcber Sch\u00f6nheit sagt \u2013 von Spr\u00fcche 31 bis zum Hohelied Salomos.<\/p>\n<\/div>\n<\/div>\n<\/div>\n<\/div>\n\n\n\n<div class=\"wp-block-group alignwide has-global-padding is-layout-constrained wp-block-group-is-layout-constrained\">\n<div class=\"wp-block-columns alignwide is-layout-flex wp-container-core-columns-is-layout-ab2a8d94 wp-block-columns-is-layout-flex\">\n<div class=\"wp-block-column is-layout-flow wp-block-column-is-layout-flow\">\n<div class=\"wp-block-group has-border-color has-background is-layout-flow wp-container-core-group-is-layout-532946dd wp-block-group-is-layout-flow\" style=\"border-color:#e8e4df;border-width:1px;border-radius:8px;background-color:#ffffff;padding-top:1.5rem;padding-right:1.5rem;padding-bottom:1.5rem;padding-left:1.5rem\">\n<p class=\"has-text-color\" style=\"color:#F08400;font-size:0.7rem;font-weight:600;letter-spacing:0.15em;text-transform:uppercase\">Bibelstudium<\/p>\n\n\n\n<h3 class=\"wp-block-heading has-text-color\" style=\"color:#002159;font-size:clamp(0.875rem, 0.875rem + ((1vw - 0.2rem) * 0.409), 1.1rem);font-weight:600;line-height:1.4\"><a href=\"https:\/\/christianpure.com\/de\/learn\/meaning-of-matthew-1128\/\">Bibelstudium: Matth\u00e4us 11,28-30 erkl\u00e4rt<\/a><\/h3>\n\n\n\n<p class=\"has-text-color\" style=\"color:#5a6377;font-size:clamp(0.875rem, 0.875rem + ((1vw - 0.2rem) * 0.009), 0.88rem);line-height:1.6\">\u201eKommt her zu mir, alle, die ihr m\u00fchselig und beladen seid\u201c \u2013 was Jesus wirklich meinte und warum es heute noch wichtig ist.<\/p>\n<\/div>\n<\/div>\n\n\n\n<div class=\"wp-block-column is-layout-flow wp-block-column-is-layout-flow\">\n<div class=\"wp-block-group has-border-color has-background is-layout-flow wp-container-core-group-is-layout-532946dd wp-block-group-is-layout-flow\" style=\"border-color:#e8e4df;border-width:1px;border-radius:8px;background-color:#ffffff;padding-top:1.5rem;padding-right:1.5rem;padding-bottom:1.5rem;padding-left:1.5rem\">\n<p class=\"has-text-color\" style=\"color:#F08400;font-size:0.7rem;font-weight:600;letter-spacing:0.15em;text-transform:uppercase\">Gebete<\/p>\n\n\n\n<h3 class=\"wp-block-heading has-text-color\" style=\"color:#002159;font-size:clamp(0.875rem, 0.875rem + ((1vw - 0.2rem) * 0.409), 1.1rem);font-weight:600;line-height:1.4\"><a href=\"https:\/\/christianpure.com\/de\/learn\/holy-spirit-invocation-prayers\/\">12 geistgef\u00fcllte Gebete, um den Heiligen Geist anzurufen<\/a><\/h3>\n\n\n\n<p class=\"has-text-color\" style=\"color:#5a6377;font-size:clamp(0.875rem, 0.875rem + ((1vw - 0.2rem) * 0.009), 0.88rem);line-height:1.6\">Gebete der Einladung \u2013 f\u00fcr Momente, in denen du die F\u00fchrung, den Trost und die Kraft des Geistes brauchst.<\/p>\n<\/div>\n<\/div>\n\n\n\n<div class=\"wp-block-column is-layout-flow wp-block-column-is-layout-flow\">\n<div class=\"wp-block-group has-border-color has-background is-layout-flow wp-container-core-group-is-layout-532946dd wp-block-group-is-layout-flow\" style=\"border-color:#e8e4df;border-width:1px;border-radius:8px;background-color:#ffffff;padding-top:1.5rem;padding-right:1.5rem;padding-bottom:1.5rem;padding-left:1.5rem\">\n<p class=\"has-text-color\" style=\"color:#F08400;font-size:0.7rem;font-weight:600;letter-spacing:0.15em;text-transform:uppercase\">Christliche Bildung<\/p>\n\n\n\n<h3 class=\"wp-block-heading has-text-color\" style=\"color:#002159;font-size:clamp(0.875rem, 0.875rem + ((1vw - 0.2rem) * 0.409), 1.1rem);font-weight:600;line-height:1.4\"><a href=\"https:\/\/christianpure.com\/de\/learn\/christian-fasting-guide\/\">Regeln f\u00fcr das christliche Fasten: Vollst\u00e4ndiger Leitfaden zum biblischen Fasten<\/a><\/h3>\n\n\n\n<p class=\"has-text-color\" style=\"color:#5a6377;font-size:clamp(0.875rem, 0.875rem + ((1vw - 0.2rem) * 0.009), 0.88rem);line-height:1.6\">Alles, was du wissen musst \u2013 von den Lehren der Schrift bis hin zu praktischen Tipps f\u00fcr dein erstes Fasten.<\/p>\n<\/div>\n<\/div>\n<\/div>\n<\/div>\n\n\n\n<div style=\"height:0.5rem\" aria-hidden=\"true\" class=\"wp-block-spacer\"><\/div>\n\n\n\n<div class=\"wp-block-buttons is-content-justification-center is-layout-flex wp-container-core-buttons-is-layout-a89b3969 wp-block-buttons-is-layout-flex\">\n<div class=\"wp-block-button\"><a class=\"wp-block-button__link has-text-color has-background has-custom-font-size wp-element-button\" href=\"https:\/\/christianpure.com\/de\/learn\/category\/all\/\" style=\"border-radius:6px;color:#ffffff;background-color:#002159;font-size:clamp(0.875rem, 0.875rem + ((1vw - 0.2rem) * 0.136), 0.95rem);font-weight:600\">Alle Artikel anzeigen \u2192<\/a><\/div>\n<\/div>\n<\/div>\n\n\n\n<div class=\"wp-block-group alignwide has-global-padding is-layout-constrained wp-container-core-group-is-layout-961b3a05 wp-block-group-is-layout-constrained\" style=\"padding-top:3.5rem;padding-bottom:3.5rem\">\n<div class=\"wp-block-columns alignwide are-vertically-aligned-center is-layout-flex wp-container-core-columns-is-layout-1b715042 wp-block-columns-is-layout-flex\">\n<div class=\"wp-block-column is-vertically-aligned-center is-layout-flow wp-block-column-is-layout-flow\" style=\"flex-basis:60%\">\n<div class=\"wp-block-group is-layout-flow wp-container-core-group-is-layout-d4957108 wp-block-group-is-layout-flow\">\n<p class=\"has-text-color\" style=\"color:#ff6f61;font-size:0.75rem;font-weight:600;letter-spacing:0.2em;text-transform:uppercase\">F\u00fcr Familien<\/p>\n\n\n\n<h2 class=\"wp-block-heading has-text-color\" style=\"color:#002159;font-size:clamp(1.4rem, 3vw, 2rem);font-weight:600\">Die Saat des Glaubens geht am besten auf, wenn die Welt still ist.<\/h2>\n\n\n\n<p class=\"has-text-color\" style=\"color:#5a6377;font-size:clamp(0.875rem, 0.875rem + ((1vw - 0.2rem) * 0.227), 1rem);line-height:1.7\">Halo ist unsere Schlafenszeit-App f\u00fcr christliche Familien \u2013 mit biblischen Geschichten, Gebeten, Schlafliedern und Affirmationen f\u00fcr Kinder im Alter von 3 bis 10 Jahren. Denn das Herz eines Kindes ist in der Stille vor dem Einschlafen der fruchtbarste Boden, den es gibt.<\/p>\n\n\n\n<div class=\"wp-block-buttons is-layout-flex wp-block-buttons-is-layout-flex\">\n<div class=\"wp-block-button\"><a class=\"wp-block-button__link has-text-color has-background has-custom-font-size wp-element-button\" href=\"https:\/\/christianpure.com\/de\/haloapp\/\" style=\"border-radius:6px;color:#ffffff;background-color:#F08400;font-size:clamp(0.875rem, 0.875rem + ((1vw - 0.2rem) * 0.136), 0.95rem);font-weight:600\">Erfahre mehr \u00fcber Halo \u2192<\/a><\/div>\n<\/div>\n<\/div>\n<\/div>\n\n\n\n<div class=\"wp-block-column is-vertically-aligned-center is-layout-flow wp-block-column-is-layout-flow\" style=\"flex-basis:40%\">\n<p class=\"has-text-align-center\" style=\"font-size:clamp(2.2rem, 2.2rem + ((1vw - 0.2rem) * 3.273), 4rem);\">\ud83c\udf19\u2728<\/p>\n\n\n\n<p class=\"has-text-align-center has-text-color\" style=\"color:#5a6377;font-size:clamp(0.875rem, 0.875rem + ((1vw - 0.2rem) * 0.009), 0.88rem);font-style:italic\">Verf\u00fcgbar f\u00fcr iOS und Android<\/p>\n<\/div>\n<\/div>\n<\/div>\n\n\n\n<div class=\"wp-block-group alignfull has-background has-global-padding is-layout-constrained wp-container-core-group-is-layout-3b26e8fb wp-block-group-is-layout-constrained\" style=\"background-color:#002159;padding-top:4rem;padding-right:1.5rem;padding-bottom:4rem;padding-left:1.5rem\">\n<p class=\"has-text-align-center has-text-color\" style=\"color:#ff6f61;font-size:0.75rem;font-weight:600;letter-spacing:0.2em;text-transform:uppercase\">Unsere Mission<\/p>\n\n\n\n<h2 class=\"wp-block-heading has-text-align-center has-text-color\" style=\"color:#ffffff;font-size:clamp(1.4rem, 3vw, 1.85rem);font-style:italic;font-weight:600;line-height:1.35\">\u201eVerlorene Seelen f\u00fcr das Wunder und die Sch\u00f6nheit des christlichen Glaubens wecken.\u201c<\/h2>\n\n\n\n<p class=\"has-text-align-center has-text-color\" style=\"color:#8899bb;font-size:clamp(0.875rem, 0.875rem + ((1vw - 0.2rem) * 0.227), 1rem);line-height:1.7\">Wir brauchen keine laute, fordernde Kommunikation, sondern Stimmen, die zuh\u00f6ren, die zusammenf\u00fchren, die Br\u00fccken bauen. Inhalte, die so ehrlich und sch\u00f6n sind, dass die Seele sie als wahr erkennt.<\/p>\n\n\n\n<p class=\"has-text-align-center\"><a href=\"https:\/\/christianpure.com\/de\/about\/\" style=\"color:#F08400;font-weight:600\">Lies unsere vollst\u00e4ndige Mission \u2192<\/a><\/p>\n<\/div>\n\n\n\n<div class=\"wp-block-group alignwide has-global-padding is-layout-constrained wp-container-core-group-is-layout-59acd5ae wp-block-group-is-layout-constrained\" style=\"padding-top:4rem;padding-bottom:4rem\">\n<h2 class=\"wp-block-heading has-text-align-center has-text-color\" style=\"color:#002159;font-size:clamp(1.5rem, 3.5vw, 2.25rem);font-weight:600\">Grenzenlos lesen. Endlos wachsen.<\/h2>\n\n\n\n<p class=\"has-text-align-center has-text-color\" style=\"color:#5a6377;font-size:clamp(0.875rem, 0.875rem + ((1vw - 0.2rem) * 0.318), 1.05rem);line-height:1.7\">Werde Mitglied f\u00fcr unbegrenzten Zugriff auf jeden Artikel, jede Bibelstudie und jede Andacht \u2013 komplett werbefrei. Deine Mitgliedschaft finanziert direkt die Erstellung neuer Inhalte.<\/p>\n\n\n\n<div style=\"height:0.25rem\" aria-hidden=\"true\" class=\"wp-block-spacer\"><\/div>\n\n\n\n<div class=\"wp-block-buttons is-content-justification-center is-layout-flex wp-container-core-buttons-is-layout-a89b3969 wp-block-buttons-is-layout-flex\">\n<div class=\"wp-block-button\"><a class=\"wp-block-button__link has-text-color has-background has-custom-font-size wp-element-button\" href=\"https:\/\/christianpure.com\/de\/become-a-member\/\" style=\"border-radius:6px;color:#ffffff;background-color:#F08400;font-size:clamp(0.875rem, 0.875rem + ((1vw - 0.2rem) * 0.409), 1.1rem);font-weight:700\">Mitglied werden \u2192<\/a><\/div>\n<\/div>\n\n\n\n<p class=\"has-text-align-center has-text-color\" style=\"color:#8899bb;font-size:0.8rem\">Ab $4,17\/Monat \u00b7 Jederzeit k\u00fcndbar<\/p>\n<\/div>","protected":false},"excerpt":{"rendered":"<p>Christian Pure Prayers, Bible studies, and devotionalsfor every season of life. Content that doesn\u2019t argue or condemn \u2014 but draws the soul gently toward the wonder and beauty of the Christian faith. 600+ articles \u00b7 Read by thousands every day \u00b7 Rooted in Scripture \u201cYour word is a lamp to my feet and a light [\u2026]<\/p>","protected":false},"author":1,"featured_media":0,"parent":0,"menu_order":0,"comment_status":"closed","ping_status":"closed","template":"wide-featured-title","meta":{"_acf_changed":false,"footnotes":""},"class_list":["post-7","page","type-page","status-publish","hentry"],"mb":[],"acf":[],"jetpack-related-posts":[],"jetpack_sharing_enabled":true,"mfb_rest_fields":["title","wpcom_performance_report_url","jetpack-related-posts","jetpack_sharing_enabled"],"_links":{"self":[{"href":"https:\/\/christianpure.com\/de\/wp-json\/wp\/v2\/pages\/7","targetHints":{"allow":["GET"]}}],"collection":[{"href":"https:\/\/christianpure.com\/de\/wp-json\/wp\/v2\/pages"}],"about":[{"href":"https:\/\/christianpure.com\/de\/wp-json\/wp\/v2\/types\/page"}],"author":[{"embeddable":true,"href":"https:\/\/christianpure.com\/de\/wp-json\/wp\/v2\/users\/1"}],"replies":[{"embeddable":true,"href":"https:\/\/christianpure.com\/de\/wp-json\/wp\/v2\/comments?post=7"}],"version-history":[{"count":0,"href":"https:\/\/christianpure.com\/de\/wp-json\/wp\/v2\/pages\/7\/revisions"}],"wp:attachment":[{"href":"https:\/\/christianpure.com\/de\/wp-json\/wp\/v2\/media?parent=7"}],"curies":[{"name":"wp","href":"https:\/\/api.w.org\/{rel}","templated":true}]}}