{"id":55647,"date":"2025-07-09T19:58:53","date_gmt":"2025-07-09T19:58:53","guid":{"rendered":"https:\/\/christianpure.com\/es\/confirmacion-de-donacion\/"},"modified":"2025-07-09T19:58:53","modified_gmt":"2025-07-09T19:58:53","slug":"confirmacion-de-donacion","status":"publish","type":"page","link":"https:\/\/christianpure.com\/it\/confirmacion-de-donacion\/","title":{"rendered":"Confirmaci\u00f3n de donaci\u00f3n"},"content":{"rendered":"<p>[give_receipt]<\/p>","protected":false},"excerpt":{"rendered":"<p>[give_receipt]<\/p>","protected":false},"author":1,"featured_media":0,"parent":0,"menu_order":0,"comment_status":"closed","ping_status":"closed","template":"","meta":{"_acf_changed":false,"footnotes":""},"class_list":["post-55647","page","type-page","status-publish","hentry"],"mb":[],"acf":[],"jetpack-related-posts":[{"id":55699,"url":"https:\/\/christianpure.com\/it\/donacion-fallida\/","url_meta":{"origin":55647,"position":0},"title":"Donaci\u00f3n fallida","author":"Christian Pure Team","date":"Luglio 9, 2025","format":false,"excerpt":"Lo sentimos, tu donaci\u00f3n ha fallado al procesarse. Por favor, int\u00e9ntalo de nuevo o contacta con el soporte del sitio.","rel":"","context":"Articolo simile","block_context":{"text":"Articolo simile","link":""},"img":{"alt_text":"","src":"","width":0,"height":0},"classes":[]},{"id":55621,"url":"https:\/\/christianpure.com\/it\/donation-confirmation\/","url_meta":{"origin":55647,"position":1},"title":"Donation Confirmation","author":"Christian Pure Team","date":"Luglio 9, 2025","format":false,"excerpt":"[give_receipt]","rel":"","context":"Articolo simile","block_context":{"text":"Articolo simile","link":""},"img":{"alt_text":"","src":"","width":0,"height":0},"classes":[]},{"id":55636,"url":"https:\/\/christianpure.com\/it\/potwierdzenie-darowizny\/","url_meta":{"origin":55647,"position":2},"title":"Potwierdzenie darowizny","author":"Christian Pure Team","date":"Luglio 9, 2025","format":false,"excerpt":"[give_receipt]","rel":"","context":"Articolo simile","block_context":{"text":"Articolo simile","link":""},"img":{"alt_text":"","src":"","width":0,"height":0},"classes":[]},{"id":55673,"url":"https:\/\/christianpure.com\/it\/conferma-donazione\/","url_meta":{"origin":55647,"position":3},"title":"Conferma Donazione","author":"Christian Pure Team","date":"Luglio 9, 2025","format":false,"excerpt":"[give_receipt]","rel":"","context":"Articolo simile","block_context":{"text":"Articolo simile","link":""},"img":{"alt_text":"","src":"","width":0,"height":0},"classes":[]},{"id":23267,"url":"https:\/\/christianpure.com\/it\/clients-4\/","url_meta":{"origin":55647,"position":4},"title":"Portal de clientes","author":"Christian Pure Team","date":"Gennaio 1, 2025","format":false,"excerpt":"[jetpackcrm_clientportal]","rel":"","context":"Articolo simile","block_context":{"text":"Articolo simile","link":""},"img":{"alt_text":"","src":"","width":0,"height":0},"classes":[]}],"jetpack_sharing_enabled":true,"mfb_rest_fields":["title","wpcom_performance_report_url","jetpack-related-posts","jetpack_sharing_enabled"],"_links":{"self":[{"href":"https:\/\/christianpure.com\/it\/wp-json\/wp\/v2\/pages\/55647","targetHints":{"allow":["GET"]}}],"collection":[{"href":"https:\/\/christianpure.com\/it\/wp-json\/wp\/v2\/pages"}],"about":[{"href":"https:\/\/christianpure.com\/it\/wp-json\/wp\/v2\/types\/page"}],"author":[{"embeddable":true,"href":"https:\/\/christianpure.com\/it\/wp-json\/wp\/v2\/users\/1"}],"replies":[{"embeddable":true,"href":"https:\/\/christianpure.com\/it\/wp-json\/wp\/v2\/comments?post=55647"}],"version-history":[{"count":0,"href":"https:\/\/christianpure.com\/it\/wp-json\/wp\/v2\/pages\/55647\/revisions"}],"wp:attachment":[{"href":"https:\/\/christianpure.com\/it\/wp-json\/wp\/v2\/media?parent=55647"}],"curies":[{"name":"wp","href":"https:\/\/api.w.org\/{rel}","templated":true}]}}