{"id":1032,"date":"2024-05-10T18:09:11","date_gmt":"2024-05-10T18:09:11","guid":{"rendered":"https:\/\/christianpure.com\/?page_id=1032"},"modified":"2026-03-06T20:22:49","modified_gmt":"2026-03-06T20:22:49","slug":"prayer-requests","status":"publish","type":"page","link":"https:\/\/christianpure.com\/pt\/prayer-requests\/","title":{"rendered":"Pedidos de Ora\u00e7\u00e3o"},"content":{"rendered":"<div class=\"wp-block-group alignfull has-background has-global-padding is-layout-constrained wp-container-core-group-is-layout-2e1ce897 wp-block-group-is-layout-constrained\" style=\"background-color:#002159;padding-top:5rem;padding-right:1.5rem;padding-bottom:4.5rem;padding-left:1.5rem\">\n<p class=\"has-text-align-center has-text-color\" style=\"color:#ff6f61;font-size:0.75rem;font-weight:600;letter-spacing:0.2em;text-transform:uppercase\">Pedidos de Ora\u00e7\u00e3o<\/p>\n\n\n\n<h1 class=\"wp-block-heading has-text-align-center has-text-color\" style=\"color:#ffffff;font-size:clamp(1.75rem, 4.5vw, 3rem);font-weight:700;line-height:1.2\">You are not alone in this.<\/h1>\n\n\n\n<p class=\"has-text-align-center has-text-color\" style=\"color:#8899bb;font-size:clamp(0.875rem, 0.875rem + ((1vw - 0.2rem) * 0.5), 1.15rem);line-height:1.7\">Whatever you are carrying \u2014 grief, fear, illness, uncertainty \u2014 share it with us. Our community will hold your needs before God in prayer. You do not need to carry this alone.<\/p>\n<\/div>\n\n\n\n<div class=\"wp-block-group alignfull has-background is-layout-flow wp-container-core-group-is-layout-f4847bb0 wp-block-group-is-layout-flow\" style=\"background-color:#F08400;margin-top:0;margin-bottom:0;padding-top:1rem;padding-right:2rem;padding-bottom:1rem;padding-left:2rem\">\n<p class=\"has-text-align-center has-text-color\" style=\"color:#ffffff;font-size:clamp(0.875rem, 0.875rem + ((1vw - 0.2rem) * 0.136), 0.95rem);font-style:italic\">\u201cCast all your anxiety on him, because he cares for you.\u201d \u2014 <strong>1 Pedro 5:7<\/strong><\/p>\n<\/div>\n\n\n\n<div class=\"wp-block-group alignwide has-global-padding is-layout-constrained wp-container-core-group-is-layout-08a6dcdc wp-block-group-is-layout-constrained\" style=\"padding-top:4rem;padding-bottom:4rem\">\n<div class=\"wp-block-columns is-layout-flex wp-container-core-columns-is-layout-0467a5b8 wp-block-columns-is-layout-flex\">\n<div class=\"wp-block-column is-layout-flow wp-block-column-is-layout-flow\" style=\"flex-basis:55%\">\n<div class=\"wp-block-group is-layout-flow wp-container-core-group-is-layout-215ed0c7 wp-block-group-is-layout-flow\">\n<p class=\"has-text-color\" style=\"color:#ff6f61;font-size:0.75rem;font-weight:600;letter-spacing:0.2em;text-transform:uppercase\">Submit your request<\/p>\n\n\n\n<h2 class=\"wp-block-heading has-text-color\" style=\"color:#002159;font-size:clamp(1.4rem, 3vw, 2rem);font-weight:600\">Share what\u2019s on your heart.<\/h2>\n\n\n\n<p class=\"has-text-color\" style=\"color:#5a6377;font-size:clamp(0.875rem, 0.875rem + ((1vw - 0.2rem) * 0.136), 0.95rem);line-height:1.7\">Only your first name and prayer request will be shared with our prayer community. Your email remains private and is used only to send you a confirmation.<\/p>\n\n\n\n<style>\n.cp-prayer-form { max-width: 100%; }\n.cp-prayer-form .fd-form-group { margin: 0 0 1rem; position: relative; }\n.cp-prayer-form .fd-form-control {\n  width: 100%;\n  display: block;\n  outline: none;\n  -webkit-appearance: none;\n  appearance: none;\n  color: #1a1a2e;\n  border: 1px solid #e8e4df;\n  padding: 1rem 1.1rem;\n  font-size: 1rem;\n  background: #faf8f5;\n  font-family: inherit;\n  line-height: 1.4;\n  border-radius: 6px;\n  transition: border-color 0.2s;\n}\n.cp-prayer-form .fd-form-control:focus {\n  outline: none;\n  border-color: #F08400;\n  background: #ffffff;\n}\n.cp-prayer-form .fd-form-control::placeholder { color: #8899bb; opacity: 1; }\n.cp-prayer-form .fd-form-label { display: none; }\n.cp-prayer-form .fd-btn {\n  cursor: pointer;\n  display: inline-flex;\n  outline: none;\n  width: 100%;\n  -webkit-appearance: none;\n  appearance: none;\n  text-align: center;\n  align-items: center;\n  justify-content: center;\n  text-decoration: none;\n  color: #ffffff;\n  border: none;\n  padding: 1rem;\n  font-size: 1rem;\n  font-weight: 600;\n  font-family: inherit;\n  background: #F08400;\n  border-radius: 6px;\n  transition: background 0.2s;\n}\n.cp-prayer-form .fd-btn:hover { background: #d97600; }\n.cp-prayer-form .fd-form-success { text-align: center; padding: 2rem 0; }\n.cp-prayer-form .fd-form-success > div { color: #002159; font-size: 1.1rem; line-height: 1.6; }\n.cp-prayer-form .fd-form-content { position: relative; }\n.cp-prayer-form .fd-has-success .fd-form-content { display: none; }\n.cp-prayer-form .fd-form-success { display: none; }\n.cp-prayer-form .fd-has-success .fd-form-success { display: block; }\n.cp-prayer-form .fd-form-error { display: none; color: #ff6f61; margin-top: 0.5rem; font-size: 0.88rem; }\n.cp-prayer-form .fd-has-error .fd-form-error { display: block; }\n.cp-prayer-form .fd-form-group.fd-has-error .fd-form-control { border-color: #ff6f61; }\n<\/style>\n\n<div class=\"cp-prayer-form ff-670f8f50f93ff6fbafe4e37d\" data-ff-el=\"root\" data-ff-version=\"3\" data-ff-type=\"inline\" data-ff-name=\"inlineNoImage\" data-ff-stage=\"default\">\n  <div data-ff-el=\"config\" data-ff-config=\"eyJ0cmlnZ2VyIjp7Im1vZGUiOiJpbW1lZGlhdGVseSIsInZhbHVlIjowfSwib25TdWNjZXNzIjp7Im1vZGUiOiJyZWRpcmVjdCIsIm1lc3NhZ2UiOiIiLCJyZWRpcmVjdFVybCI6Imh0dHBzOi8vY2hyaXN0aWFucHVyZS5jb20vcHJheWVycmVxdWVzdC10aGFua3lvdSJ9LCJjb2kiOmZhbHNlLCJzaG93Rm9yUmV0dXJuVmlzaXRvcnMiOnRydWUsIm5vdGlmaWNhdGlvbiI6dHJ1ZX0=\" style=\"display: none\"><\/div>\n  <form action=\"https:\/\/form.flodesk.com\/forms\/670f8f50f93ff6fbafe4e37d\/submit\" method=\"post\" data-ff-el=\"form\" data-etm-original-action=\"https:\/\/form.flodesk.com\/forms\/670f8f50f93ff6fbafe4e37d\/submit\">\n    <div class=\"fd-form-content\" data-ff-el=\"content\">\n      <div data-ff-el=\"fields\">\n        <div class=\"fd-form-group\">\n          <input class=\"fd-form-control\" type=\"text\" maxlength=\"255\" name=\"firstName\" placeholder=\"Your first name\" data-ff-tab=\"firstName::email\" \/>\n          <label class=\"fd-form-label\">Your first name<\/label>\n        <\/div>\n        <div class=\"fd-form-group\">\n          <input class=\"fd-form-control\" type=\"email\" maxlength=\"255\" name=\"email\" placeholder=\"Your email (kept private)\" data-ff-tab=\"email:firstName:fields.prayerRequest\" required \/>\n          <label class=\"fd-form-label\">O seu e-mail<\/label>\n        <\/div>\n        <div class=\"fd-form-group\">\n          <input class=\"fd-form-control\" type=\"text\" maxlength=\"255\" name=\"fields.prayerRequest\" placeholder=\"Your prayer request\" data-ff-tab=\"fields.prayerRequest:email:submit\" \/>\n          <label class=\"fd-form-label\">Your prayer request<\/label>\n        <\/div>\n        <input type=\"text\" maxlength=\"255\" name=\"confirm_email_address\" style=\"display: none\" \/>\n      <\/div>\n      <div data-ff-el=\"footer\">\n        <button type=\"submit\" class=\"fd-btn\" data-ff-el=\"submit\" data-ff-tab=\"submit\">\n          <span>Send Your Prayer Request<\/span>\n        <\/button>\n      <\/div>\n    <\/div>\n    <div class=\"fd-form-success\" data-ff-el=\"success\">\n      <div><div><div data-paragraph=\"true\">Your prayer has been received. Our community will lift you up before God. You are not forgotten.<\/div><\/div><\/div>\n    <\/div>\n    <div class=\"fd-form-error\" data-ff-el=\"error\"><\/div>\n  <input type=\"hidden\" name=\"etm-form-language\" value=\"pt\"\/><\/form>\n<\/div>\n<script>\n(function(w, d, t, h, s, n) {\n  w.FlodeskObject = n;\n  var fn = function() { (w[n].q = w[n].q || []).push(arguments); };\n  w[n] = w[n] || fn;\n  var f = d.getElementsByTagName(t)[0];\n  var v = '?v=' + Math.floor(new Date().getTime() \/ (120 * 1000)) * 60;\n  var sm = d.createElement(t);\n  sm.async = true; sm.type = 'module';\n  sm.src = h + s + '.mjs' + v;\n  f.parentNode.insertBefore(sm, f);\n  var sn = d.createElement(t);\n  sn.async = true; sn.noModule = true;\n  sn.src = h + s + '.js' + v;\n  f.parentNode.insertBefore(sn, f);\n})(window, document, 'script', 'https:\/\/assets.flodesk.com', '\/universal', 'fd');\nwindow.fd('form:handle', {\n  formId: '670f8f50f93ff6fbafe4e37d',\n  rootEl: '.ff-670f8f50f93ff6fbafe4e37d',\n});\n<\/script>\n<\/div>\n<\/div>\n\n\n\n<div class=\"wp-block-column is-layout-flow wp-block-column-is-layout-flow\" style=\"flex-basis:45%\">\n<div class=\"wp-block-group is-layout-flow wp-container-core-group-is-layout-ff668fa7 wp-block-group-is-layout-flow\">\n<p class=\"has-text-color\" style=\"color:#ff6f61;font-size:0.75rem;font-weight:600;letter-spacing:0.2em;text-transform:uppercase\">How it works<\/p>\n\n\n\n<h2 class=\"wp-block-heading has-text-color\" style=\"color:#002159;font-size:clamp(1.4rem, 3vw, 2rem);font-weight:600\">Prayer changes things.<\/h2>\n\n\n\n<p class=\"has-text-color\" style=\"color:#5a6377;font-size:clamp(0.875rem, 0.875rem + ((1vw - 0.2rem) * 0.227), 1rem);line-height:1.8\">Life can be overwhelming. In moments of despair, illness, or heartbreak, it is easy to feel isolated and lost. But you are never truly alone. Our community is here to lift you up in prayer and surround you with love.<\/p>\n\n\n\n<p class=\"has-text-color\" style=\"color:#5a6377;font-size:clamp(0.875rem, 0.875rem + ((1vw - 0.2rem) * 0.227), 1rem);line-height:1.8\">When you share your request, our prayer community receives it and brings your needs before God \u2014 faithfully, quietly, with unwavering devotion. As Scripture tells us: <em>\u201cWhere two or three gather in my name, there am I with them.\u201d<\/em><\/p>\n\n\n\n<hr class=\"wp-block-separator has-css-opacity\"\/>\n\n\n\n<div class=\"wp-block-group is-layout-flow wp-container-core-group-is-layout-215ed0c7 wp-block-group-is-layout-flow\">\n<div class=\"wp-block-group is-nowrap is-layout-flex wp-container-core-group-is-layout-f01a8a75 wp-block-group-is-layout-flex\">\n<p style=\"font-size:clamp(0.875rem, 0.875rem + ((1vw - 0.2rem) * 0.682), 1.25rem);\">\ud83d\ude4f<\/p>\n\n\n\n<p class=\"has-text-color\" style=\"color:#5a6377;font-size:clamp(0.875rem, 0.875rem + ((1vw - 0.2rem) * 0.082), 0.92rem);line-height:1.6\"><strong style=\"color:#002159\">Your privacy is protected.<\/strong> Only your first name and request are shared. Your email is never published.<\/p>\n<\/div>\n\n\n\n<div class=\"wp-block-group is-nowrap is-layout-flex wp-container-core-group-is-layout-f01a8a75 wp-block-group-is-layout-flex\">\n<p style=\"font-size:clamp(0.875rem, 0.875rem + ((1vw - 0.2rem) * 0.682), 1.25rem);\">\ud83d\udc9b<\/p>\n\n\n\n<p class=\"has-text-color\" style=\"color:#5a6377;font-size:clamp(0.875rem, 0.875rem + ((1vw - 0.2rem) * 0.082), 0.92rem);line-height:1.6\"><strong style=\"color:#002159\">Real people pray for you.<\/strong> This is not a form that disappears into a database. Your request is read and prayed over.<\/p>\n<\/div>\n\n\n\n<div class=\"wp-block-group is-nowrap is-layout-flex wp-container-core-group-is-layout-f01a8a75 wp-block-group-is-layout-flex\">\n<p style=\"font-size:clamp(0.875rem, 0.875rem + ((1vw - 0.2rem) * 0.682), 1.25rem);\">\u2709\ufe0f<\/p>\n\n\n\n<p class=\"has-text-color\" style=\"color:#5a6377;font-size:clamp(0.875rem, 0.875rem + ((1vw - 0.2rem) * 0.082), 0.92rem);line-height:1.6\"><strong style=\"color:#002159\">You\u2019ll receive a confirmation<\/strong> and may occasionally hear from us with encouragement and resources.<\/p>\n<\/div>\n<\/div>\n<\/div>\n<\/div>\n<\/div>\n<\/div>\n\n\n\n<div class=\"wp-block-group alignfull has-background has-global-padding is-layout-constrained wp-container-core-group-is-layout-6c95377b wp-block-group-is-layout-constrained\" style=\"background-color:#002159;padding-top:4rem;padding-right:1.5rem;padding-bottom:4rem;padding-left:1.5rem\">\n<h2 class=\"wp-block-heading has-text-align-center has-text-color\" style=\"color:#ffffff;font-size:clamp(1.5rem, 3.5vw, 2.25rem);font-weight:600;line-height:1.25\">Leia sem limites. Cres\u00e7a sem fim.<\/h2>\n\n\n\n<p class=\"has-text-align-center has-text-color\" style=\"color:#8899bb;font-size:clamp(0.875rem, 0.875rem + ((1vw - 0.2rem) * 0.318), 1.05rem);line-height:1.7\">Torne-se membro para acesso ilimitado a todas as ora\u00e7\u00f5es, estudos b\u00edblicos e devocionais no Christian Pure \u2014 totalmente sem an\u00fancios.<\/p>\n\n\n\n<div style=\"height:0.25rem\" aria-hidden=\"true\" class=\"wp-block-spacer\"><\/div>\n\n\n\n<div class=\"wp-block-buttons is-content-justification-center is-layout-flex wp-container-core-buttons-is-layout-a89b3969 wp-block-buttons-is-layout-flex\">\n<div class=\"wp-block-button\"><a class=\"wp-block-button__link has-text-color has-background has-custom-font-size wp-element-button\" href=\"https:\/\/christianpure.com\/pt\/become-a-member\/\" style=\"border-radius:6px;color:#ffffff;background-color:#F08400;font-size:clamp(0.875rem, 0.875rem + ((1vw - 0.2rem) * 0.409), 1.1rem);font-weight:700\">Torne-se Membro \u2192<\/a><\/div>\n<\/div>\n\n\n\n<p class=\"has-text-align-center has-text-color\" style=\"color:rgba(255,255,255,0.3);font-size:0.8rem\">A partir de $4,17\/m\u00eas \u00b7 Cancele a qualquer momento<\/p>\n<\/div>","protected":false},"excerpt":{"rendered":"<p>Prayer Requests You are not alone in this. Whatever you are carrying \u2014 grief, fear, illness, uncertainty \u2014 share it with us. Our community will hold your needs before God in prayer. You do not need to carry this alone. \u201cCast all your anxiety on him, because he cares for you.\u201d \u2014 1 Peter 5:7 [\u2026]<\/p>","protected":false},"author":1,"featured_media":0,"parent":0,"menu_order":0,"comment_status":"closed","ping_status":"closed","template":"wide-featured-title","meta":{"_acf_changed":false,"footnotes":""},"class_list":["post-1032","page","type-page","status-publish","hentry"],"mb":[],"acf":[],"jetpack-related-posts":[],"jetpack_sharing_enabled":true,"mfb_rest_fields":["title","wpcom_performance_report_url","jetpack-related-posts","jetpack_sharing_enabled"],"_links":{"self":[{"href":"https:\/\/christianpure.com\/pt\/wp-json\/wp\/v2\/pages\/1032","targetHints":{"allow":["GET"]}}],"collection":[{"href":"https:\/\/christianpure.com\/pt\/wp-json\/wp\/v2\/pages"}],"about":[{"href":"https:\/\/christianpure.com\/pt\/wp-json\/wp\/v2\/types\/page"}],"author":[{"embeddable":true,"href":"https:\/\/christianpure.com\/pt\/wp-json\/wp\/v2\/users\/1"}],"replies":[{"embeddable":true,"href":"https:\/\/christianpure.com\/pt\/wp-json\/wp\/v2\/comments?post=1032"}],"version-history":[{"count":0,"href":"https:\/\/christianpure.com\/pt\/wp-json\/wp\/v2\/pages\/1032\/revisions"}],"wp:attachment":[{"href":"https:\/\/christianpure.com\/pt\/wp-json\/wp\/v2\/media?parent=1032"}],"curies":[{"name":"wp","href":"https:\/\/api.w.org\/{rel}","templated":true}]}}