{"id":52664,"date":"2025-06-24T08:52:02","date_gmt":"2025-06-24T08:52:02","guid":{"rendered":"https:\/\/christianpure.com\/membership-checkout\/"},"modified":"2026-03-06T21:55:09","modified_gmt":"2026-03-06T21:55:09","slug":"membership-checkout","status":"publish","type":"page","link":"https:\/\/christianpure.com\/pt\/membership-checkout\/","title":{"rendered":"Membership Checkout"},"content":{"rendered":"<div class=\"wp-block-group alignfull has-background has-global-padding is-layout-constrained wp-container-core-group-is-layout-c24436b3 wp-block-group-is-layout-constrained\" style=\"background-color:#002159;padding-top:4rem;padding-right:1.5rem;padding-bottom:3rem;padding-left:1.5rem\">\n<p class=\"has-text-align-center has-text-color\" style=\"color:#ff6f61;font-size:0.75rem;font-weight:600;letter-spacing:0.2em;text-transform:uppercase\">You\u2019re almost there<\/p>\n\n\n\n<h1 class=\"wp-block-heading has-text-align-center has-text-color\" style=\"color:#ffffff;font-size:clamp(1.5rem, 4vw, 2.25rem);font-weight:700;line-height:1.25\">Complete your membership<\/h1>\n\n\n\n<p class=\"has-text-align-center has-text-color\" style=\"color:#8899bb;font-size:clamp(0.875rem, 0.875rem + ((1vw - 0.2rem) * 0.227), 1rem);line-height:1.65\">Unlimited access to every prayer, Bible study, and devotional on Christian Pure \u2014 completely ad-free. Your membership directly funds new content.<\/p>\n\n\n\n<div style=\"height:0.25rem\" aria-hidden=\"true\" class=\"wp-block-spacer\"><\/div>\n\n\n\n<div class=\"wp-block-group is-content-justification-center is-nowrap is-layout-flex wp-container-core-group-is-layout-cf152045 wp-block-group-is-layout-flex\">\n<p class=\"has-text-color\" style=\"color:rgba(255,255,255,0.5);font-size:0.8rem\">\u2713 Cancele a qualquer momento<\/p>\n\n\n\n<p class=\"has-text-color\" style=\"color:rgba(255,255,255,0.5);font-size:0.8rem\">\u2713 Secure checkout<\/p>\n\n\n\n<p class=\"has-text-color\" style=\"color:rgba(255,255,255,0.5);font-size:0.8rem\">\u2713 Instant access<\/p>\n<\/div>\n<\/div>\n\n\n\n<div class=\"wp-block-group alignfull has-background is-layout-flow wp-container-core-group-is-layout-f4847bb0 wp-block-group-is-layout-flow\" style=\"background-color:#F08400;margin-top:0;margin-bottom:0;padding-top:1rem;padding-right:2rem;padding-bottom:1rem;padding-left:2rem\">\n<p class=\"has-text-align-center has-text-color\" style=\"color:#ffffff;font-size:clamp(0.875rem, 0.875rem + ((1vw - 0.2rem) * 0.136), 0.95rem);font-style:italic\">\u201cL\u00e2mpada para os meus p\u00e9s \u00e9 a tua palavra e luz para o meu caminho.\u201d \u2014 <strong>Salmo 119:105<\/strong><\/p>\n<\/div>\n\n\n\n<div class=\"wp-block-group has-global-padding is-layout-constrained wp-container-core-group-is-layout-2137b4ec wp-block-group-is-layout-constrained\" style=\"padding-top:3rem;padding-bottom:4rem\">\n<div class=\"wp-block-group is-layout-flow wp-container-core-group-is-layout-ca969925 wp-block-group-is-layout-flow\" style=\"padding-bottom:2rem\">\n<div class=\"wp-block-columns is-layout-flex wp-container-core-columns-is-layout-6b276c36 wp-block-columns-is-layout-flex\">\n<div class=\"wp-block-column is-layout-flow wp-block-column-is-layout-flow\">\n<div class=\"wp-block-group is-nowrap is-layout-flex wp-container-core-group-is-layout-dc76e5b2 wp-block-group-is-layout-flex\">\n<p class=\"has-text-color\" style=\"color:#F08400;font-size:clamp(0.875rem, 0.875rem + ((1vw - 0.2rem) * 0.227), 1rem);\">\u2713<\/p>\n\n\n\n<p class=\"has-text-color\" style=\"color:#5a6377;font-size:clamp(0.875rem, 0.875rem + ((1vw - 0.2rem) * 0.082), 0.92rem);\">Unlimited access to all 600+ articles<\/p>\n<\/div>\n<\/div>\n\n\n\n<div class=\"wp-block-column is-layout-flow wp-block-column-is-layout-flow\">\n<div class=\"wp-block-group is-nowrap is-layout-flex wp-container-core-group-is-layout-dc76e5b2 wp-block-group-is-layout-flex\">\n<p class=\"has-text-color\" style=\"color:#F08400;font-size:clamp(0.875rem, 0.875rem + ((1vw - 0.2rem) * 0.227), 1rem);\">\u2713<\/p>\n\n\n\n<p class=\"has-text-color\" style=\"color:#5a6377;font-size:clamp(0.875rem, 0.875rem + ((1vw - 0.2rem) * 0.082), 0.92rem);\">Every prayer, Bible study, and devotional<\/p>\n<\/div>\n<\/div>\n<\/div>\n\n\n\n<div class=\"wp-block-columns is-layout-flex wp-container-core-columns-is-layout-6b276c36 wp-block-columns-is-layout-flex\">\n<div class=\"wp-block-column is-layout-flow wp-block-column-is-layout-flow\">\n<div class=\"wp-block-group is-nowrap is-layout-flex wp-container-core-group-is-layout-dc76e5b2 wp-block-group-is-layout-flex\">\n<p class=\"has-text-color\" style=\"color:#F08400;font-size:clamp(0.875rem, 0.875rem + ((1vw - 0.2rem) * 0.227), 1rem);\">\u2713<\/p>\n\n\n\n<p class=\"has-text-color\" style=\"color:#5a6377;font-size:clamp(0.875rem, 0.875rem + ((1vw - 0.2rem) * 0.082), 0.92rem);\">Completely ad-free reading experience<\/p>\n<\/div>\n<\/div>\n\n\n\n<div class=\"wp-block-column is-layout-flow wp-block-column-is-layout-flow\">\n<div class=\"wp-block-group is-nowrap is-layout-flex wp-container-core-group-is-layout-dc76e5b2 wp-block-group-is-layout-flex\">\n<p class=\"has-text-color\" style=\"color:#F08400;font-size:clamp(0.875rem, 0.875rem + ((1vw - 0.2rem) * 0.227), 1rem);\">\u2713<\/p>\n\n\n\n<p class=\"has-text-color\" style=\"color:#5a6377;font-size:clamp(0.875rem, 0.875rem + ((1vw - 0.2rem) * 0.082), 0.92rem);\">New content added every week<\/p>\n<\/div>\n<\/div>\n<\/div>\n<\/div>\n\n\n\n<hr class=\"wp-block-separator has-css-opacity\"\/>\n\n\n<p>[pmpro_checkout]<\/p>\n\n\n\n<hr class=\"wp-block-separator has-css-opacity\"\/>\n\n\n\n<div class=\"wp-block-group is-layout-flow wp-container-core-group-is-layout-4dc765ca wp-block-group-is-layout-flow\" style=\"padding-top:1.5rem\">\n<div class=\"wp-block-group is-content-justification-center is-nowrap is-layout-flex wp-container-core-group-is-layout-cf152045 wp-block-group-is-layout-flex\">\n<p class=\"has-text-color\" style=\"color:#8899bb;font-size:0.8rem\">\ud83d\udd12 Secure checkout via Stripe<\/p>\n\n\n\n<p class=\"has-text-color\" style=\"color:#8899bb;font-size:0.8rem\">\u21a9\ufe0f Cancel anytime from your account<\/p>\n<\/div>\n\n\n\n<p class=\"has-text-align-center has-text-color\" style=\"color:#8899bb;font-size:0.8rem;line-height:1.6\">Your membership funds the creation of new prayers, Bible studies, and devotionals. No corporate sponsors \u2014 just a community of believers investing in content that draws people closer to God.<\/p>\n<\/div>\n<\/div>","protected":false},"excerpt":{"rendered":"<p>Est\u00e1 quase a chegar. Complete a sua ades\u00e3o. Acesso ilimitado a todas as ora\u00e7\u00f5es, estudos b\u00edblicos e devocionais no Christian Pure \u2014 totalmente sem an\u00fancios. A sua ades\u00e3o financia diretamente novos conte\u00fados. \u2713 Cancele a qualquer momento \u2713 Pagamento seguro \u2713 Acesso imediato \u201cL\u00e2mpada para os meus p\u00e9s \u00e9 a tua palavra, e luz para o meu caminho.\u201d \u2014 Salmo 119:105 \u2713 Ilimitado [\u2026]<\/p>","protected":false},"author":11,"featured_media":0,"parent":0,"menu_order":0,"comment_status":"closed","ping_status":"closed","template":"wide-featured-title","meta":{"_acf_changed":false,"footnotes":""},"class_list":["post-52664","page","type-page","status-publish","hentry"],"mb":[],"acf":[],"jetpack-related-posts":[],"jetpack_sharing_enabled":true,"mfb_rest_fields":["title","wpcom_performance_report_url","jetpack-related-posts","jetpack_sharing_enabled"],"_links":{"self":[{"href":"https:\/\/christianpure.com\/pt\/wp-json\/wp\/v2\/pages\/52664","targetHints":{"allow":["GET"]}}],"collection":[{"href":"https:\/\/christianpure.com\/pt\/wp-json\/wp\/v2\/pages"}],"about":[{"href":"https:\/\/christianpure.com\/pt\/wp-json\/wp\/v2\/types\/page"}],"author":[{"embeddable":true,"href":"https:\/\/christianpure.com\/pt\/wp-json\/wp\/v2\/users\/11"}],"replies":[{"embeddable":true,"href":"https:\/\/christianpure.com\/pt\/wp-json\/wp\/v2\/comments?post=52664"}],"version-history":[{"count":0,"href":"https:\/\/christianpure.com\/pt\/wp-json\/wp\/v2\/pages\/52664\/revisions"}],"wp:attachment":[{"href":"https:\/\/christianpure.com\/pt\/wp-json\/wp\/v2\/media?parent=52664"}],"curies":[{"name":"wp","href":"https:\/\/api.w.org\/{rel}","templated":true}]}}